{"id":549,"date":"2016-04-05T20:17:39","date_gmt":"2016-04-05T18:17:39","guid":{"rendered":"http:\/\/sv-bleiwaesche.de\/?page_id=549"},"modified":"2026-03-30T21:23:44","modified_gmt":"2026-03-30T19:23:44","slug":"die-abzeichen","status":"publish","type":"page","link":"https:\/\/sv-bleiwaesche.de\/?page_id=549","title":{"rendered":"Die Abzeichen"},"content":{"rendered":"\n<div class=\"wp-block-columns is-layout-flex wp-container-core-columns-is-layout-9d6595d7 wp-block-columns-is-layout-flex\">\n<div class=\"wp-block-column is-layout-flow wp-block-column-is-layout-flow\">\n<h2 class=\"wp-block-heading has-vivid-red-color has-text-color has-link-color wp-elements-cca074da7bf33db731de548f57c44b70\"><strong>Das Deutsche Sportabzeichen f\u00fcr Kinder und Jugendliche<\/strong><\/h2>\n<\/div>\n<\/div>\n\n\n\n<div class=\"wp-block-columns is-layout-flex wp-container-core-columns-is-layout-9d6595d7 wp-block-columns-is-layout-flex\">\n<div class=\"wp-block-column is-layout-flow wp-block-column-is-layout-flow\">\n<p class=\"has-black-color has-text-color has-link-color wp-elements-ad501f01bc22438ba412017c27c49993\">Das Sportabzeichen f\u00fcr Kinder und Jugendliche wird an Kinder und Jugendliche im Alter von 6-17 Jahren verliehen. Je nach erbrachter Leistung in der f\u00fcr die Absolventin bzw. den Absolventen zutreffenden Altersklasse, wird das Sportabzeichen f\u00fcr Kinder und Jugendliche in Bronze, Silber oder Gold verliehen.<\/p>\n<\/div>\n<\/div>\n\n\n\n<div class=\"wp-block-columns is-layout-flex wp-container-core-columns-is-layout-9d6595d7 wp-block-columns-is-layout-flex\">\n<div class=\"wp-block-column is-layout-flow wp-block-column-is-layout-flow\">\n<div class=\"wp-block-media-text is-stacked-on-mobile\"><figure class=\"wp-block-media-text__media\"><img data-recalc-dims=\"1\" loading=\"lazy\" decoding=\"async\" width=\"421\" height=\"389\" data-attachment-id=\"2375\" data-permalink=\"https:\/\/sv-bleiwaesche.de\/?attachment_id=2375#main\" data-orig-file=\"https:\/\/i0.wp.com\/sv-bleiwaesche.de\/wp-content\/uploads\/2026\/03\/IMG_1375-4.jpg?fit=421%2C389&amp;ssl=1\" data-orig-size=\"421,389\" data-comments-opened=\"0\" data-image-meta=\"{&quot;aperture&quot;:&quot;0&quot;,&quot;credit&quot;:&quot;&quot;,&quot;camera&quot;:&quot;&quot;,&quot;caption&quot;:&quot;&quot;,&quot;created_timestamp&quot;:&quot;1750188537&quot;,&quot;copyright&quot;:&quot;&quot;,&quot;focal_length&quot;:&quot;0&quot;,&quot;iso&quot;:&quot;0&quot;,&quot;shutter_speed&quot;:&quot;0&quot;,&quot;title&quot;:&quot;&quot;,&quot;orientation&quot;:&quot;1&quot;}\" data-image-title=\"IMG_1375 4\" data-image-description=\"\" data-image-caption=\"\" data-medium-file=\"https:\/\/i0.wp.com\/sv-bleiwaesche.de\/wp-content\/uploads\/2026\/03\/IMG_1375-4.jpg?fit=300%2C277&amp;ssl=1\" data-large-file=\"https:\/\/i0.wp.com\/sv-bleiwaesche.de\/wp-content\/uploads\/2026\/03\/IMG_1375-4.jpg?fit=421%2C389&amp;ssl=1\" src=\"https:\/\/i0.wp.com\/sv-bleiwaesche.de\/wp-content\/uploads\/2026\/03\/IMG_1375-4.jpg?resize=421%2C389&#038;ssl=1\" alt=\"\" class=\"wp-image-2375 size-full\" srcset=\"https:\/\/i0.wp.com\/sv-bleiwaesche.de\/wp-content\/uploads\/2026\/03\/IMG_1375-4.jpg?w=421&amp;ssl=1 421w, https:\/\/i0.wp.com\/sv-bleiwaesche.de\/wp-content\/uploads\/2026\/03\/IMG_1375-4.jpg?resize=300%2C277&amp;ssl=1 300w, https:\/\/i0.wp.com\/sv-bleiwaesche.de\/wp-content\/uploads\/2026\/03\/IMG_1375-4.jpg?resize=1%2C1&amp;ssl=1 1w\" sizes=\"auto, (max-width: 421px) 100vw, 421px\" \/><\/figure><div class=\"wp-block-media-text__content\">\n<p class=\"has-black-color has-text-color has-link-color wp-elements-273dc1895118a4ab41b297c71c5d4b7a\"><strong>Bronze Abzeichen<\/strong><\/p>\n<\/div><\/div>\n<\/div>\n\n\n\n<div class=\"wp-block-column is-layout-flow wp-block-column-is-layout-flow\">\n<div class=\"wp-block-media-text is-stacked-on-mobile\"><figure class=\"wp-block-media-text__media\"><img data-recalc-dims=\"1\" loading=\"lazy\" decoding=\"async\" width=\"421\" height=\"389\" data-attachment-id=\"2376\" data-permalink=\"https:\/\/sv-bleiwaesche.de\/?attachment_id=2376#main\" data-orig-file=\"https:\/\/i0.wp.com\/sv-bleiwaesche.de\/wp-content\/uploads\/2026\/03\/IMG_1375-5.jpg?fit=421%2C389&amp;ssl=1\" data-orig-size=\"421,389\" data-comments-opened=\"0\" data-image-meta=\"{&quot;aperture&quot;:&quot;0&quot;,&quot;credit&quot;:&quot;&quot;,&quot;camera&quot;:&quot;&quot;,&quot;caption&quot;:&quot;&quot;,&quot;created_timestamp&quot;:&quot;1750188537&quot;,&quot;copyright&quot;:&quot;&quot;,&quot;focal_length&quot;:&quot;0&quot;,&quot;iso&quot;:&quot;0&quot;,&quot;shutter_speed&quot;:&quot;0&quot;,&quot;title&quot;:&quot;&quot;,&quot;orientation&quot;:&quot;1&quot;}\" data-image-title=\"IMG_1375 5\" data-image-description=\"\" data-image-caption=\"\" data-medium-file=\"https:\/\/i0.wp.com\/sv-bleiwaesche.de\/wp-content\/uploads\/2026\/03\/IMG_1375-5.jpg?fit=300%2C277&amp;ssl=1\" data-large-file=\"https:\/\/i0.wp.com\/sv-bleiwaesche.de\/wp-content\/uploads\/2026\/03\/IMG_1375-5.jpg?fit=421%2C389&amp;ssl=1\" src=\"https:\/\/i0.wp.com\/sv-bleiwaesche.de\/wp-content\/uploads\/2026\/03\/IMG_1375-5.jpg?resize=421%2C389&#038;ssl=1\" alt=\"\" class=\"wp-image-2376 size-full\" srcset=\"https:\/\/i0.wp.com\/sv-bleiwaesche.de\/wp-content\/uploads\/2026\/03\/IMG_1375-5.jpg?w=421&amp;ssl=1 421w, https:\/\/i0.wp.com\/sv-bleiwaesche.de\/wp-content\/uploads\/2026\/03\/IMG_1375-5.jpg?resize=300%2C277&amp;ssl=1 300w, https:\/\/i0.wp.com\/sv-bleiwaesche.de\/wp-content\/uploads\/2026\/03\/IMG_1375-5.jpg?resize=1%2C1&amp;ssl=1 1w\" sizes=\"auto, (max-width: 421px) 100vw, 421px\" \/><\/figure><div class=\"wp-block-media-text__content\">\n<p class=\"has-black-color has-text-color has-link-color wp-elements-3122606232602fbf6c41929c72baba9f\"><strong>Silbernes Abzeichen<\/strong><\/p>\n<\/div><\/div>\n<\/div>\n<\/div>\n\n\n\n<div class=\"wp-block-columns is-layout-flex wp-container-core-columns-is-layout-9d6595d7 wp-block-columns-is-layout-flex\">\n<div class=\"wp-block-column is-layout-flow wp-block-column-is-layout-flow\">\n<div class=\"wp-block-media-text is-stacked-on-mobile\"><figure class=\"wp-block-media-text__media\"><img data-recalc-dims=\"1\" loading=\"lazy\" decoding=\"async\" width=\"421\" height=\"389\" data-attachment-id=\"2377\" data-permalink=\"https:\/\/sv-bleiwaesche.de\/?attachment_id=2377#main\" data-orig-file=\"https:\/\/i0.wp.com\/sv-bleiwaesche.de\/wp-content\/uploads\/2026\/03\/IMG_1375-6.jpg?fit=421%2C389&amp;ssl=1\" data-orig-size=\"421,389\" data-comments-opened=\"0\" data-image-meta=\"{&quot;aperture&quot;:&quot;0&quot;,&quot;credit&quot;:&quot;&quot;,&quot;camera&quot;:&quot;&quot;,&quot;caption&quot;:&quot;&quot;,&quot;created_timestamp&quot;:&quot;1750188537&quot;,&quot;copyright&quot;:&quot;&quot;,&quot;focal_length&quot;:&quot;0&quot;,&quot;iso&quot;:&quot;0&quot;,&quot;shutter_speed&quot;:&quot;0&quot;,&quot;title&quot;:&quot;&quot;,&quot;orientation&quot;:&quot;1&quot;}\" data-image-title=\"IMG_1375 6\" data-image-description=\"\" data-image-caption=\"\" data-medium-file=\"https:\/\/i0.wp.com\/sv-bleiwaesche.de\/wp-content\/uploads\/2026\/03\/IMG_1375-6.jpg?fit=300%2C277&amp;ssl=1\" data-large-file=\"https:\/\/i0.wp.com\/sv-bleiwaesche.de\/wp-content\/uploads\/2026\/03\/IMG_1375-6.jpg?fit=421%2C389&amp;ssl=1\" src=\"https:\/\/i0.wp.com\/sv-bleiwaesche.de\/wp-content\/uploads\/2026\/03\/IMG_1375-6.jpg?resize=421%2C389&#038;ssl=1\" alt=\"\" class=\"wp-image-2377 size-full\" srcset=\"https:\/\/i0.wp.com\/sv-bleiwaesche.de\/wp-content\/uploads\/2026\/03\/IMG_1375-6.jpg?w=421&amp;ssl=1 421w, https:\/\/i0.wp.com\/sv-bleiwaesche.de\/wp-content\/uploads\/2026\/03\/IMG_1375-6.jpg?resize=300%2C277&amp;ssl=1 300w, https:\/\/i0.wp.com\/sv-bleiwaesche.de\/wp-content\/uploads\/2026\/03\/IMG_1375-6.jpg?resize=1%2C1&amp;ssl=1 1w\" sizes=\"auto, (max-width: 421px) 100vw, 421px\" \/><\/figure><div class=\"wp-block-media-text__content\">\n<p class=\"has-black-color has-text-color has-link-color wp-elements-32ce349d692b1a6e572333028dc80da0\"><strong>Goldenes Abzeichen<\/strong><\/p>\n<\/div><\/div>\n<\/div>\n\n\n\n<div class=\"wp-block-column is-layout-flow wp-block-column-is-layout-flow\"><\/div>\n<\/div>\n\n\n\n<hr class=\"wp-block-separator has-text-color has-vivid-red-color has-alpha-channel-opacity has-vivid-red-background-color has-background\"\/>\n\n\n\n<div class=\"wp-block-columns is-layout-flex wp-container-core-columns-is-layout-9d6595d7 wp-block-columns-is-layout-flex\">\n<div class=\"wp-block-column is-layout-flow wp-block-column-is-layout-flow\">\n<h2 class=\"wp-block-heading has-vivid-red-color has-text-color has-link-color wp-elements-02f106cd64be36ef608d28d2419e8fc4\"><strong>Das Deutsche Sportabzeichen f\u00fcr Erwachsene<\/strong><\/h2>\n<\/div>\n<\/div>\n\n\n\n<div class=\"wp-block-columns is-layout-flex wp-container-core-columns-is-layout-9d6595d7 wp-block-columns-is-layout-flex\">\n<div class=\"wp-block-column is-layout-flow wp-block-column-is-layout-flow\">\n<p class=\"has-black-color has-text-color has-link-color wp-elements-c6d90563c83fcc10e9a8997894bfaeb8\">M\u00e4nner und Frauen ab dem 18. Lebensjahr k\u00f6nnen das &#8222;Deutsche Sportabzeichen&#8220; erwerben. Je nach erbrachter Leistung in der f\u00fcr die Absolventin bzw. den Absolventen zutreffende Altersklasse, wird das Sportabzeichen in Bronze, Silber oder Gold verliehen. Wiederholer (5., 10., 15.,\u2026, 60. Verleihung) k\u00f6nnen zus\u00e4tzlich das bicolore Abzeichen erwerben.<\/p>\n<\/div>\n<\/div>\n\n\n\n<div class=\"wp-block-columns is-layout-flex wp-container-core-columns-is-layout-9d6595d7 wp-block-columns-is-layout-flex\">\n<div class=\"wp-block-column is-layout-flow wp-block-column-is-layout-flow\">\n<div class=\"wp-block-media-text is-stacked-on-mobile\"><figure class=\"wp-block-media-text__media\"><img data-recalc-dims=\"1\" loading=\"lazy\" decoding=\"async\" width=\"421\" height=\"389\" data-attachment-id=\"2372\" data-permalink=\"https:\/\/sv-bleiwaesche.de\/?attachment_id=2372#main\" data-orig-file=\"https:\/\/i0.wp.com\/sv-bleiwaesche.de\/wp-content\/uploads\/2026\/03\/IMG_1375.jpg?fit=421%2C389&amp;ssl=1\" data-orig-size=\"421,389\" data-comments-opened=\"0\" data-image-meta=\"{&quot;aperture&quot;:&quot;0&quot;,&quot;credit&quot;:&quot;&quot;,&quot;camera&quot;:&quot;&quot;,&quot;caption&quot;:&quot;&quot;,&quot;created_timestamp&quot;:&quot;1750188537&quot;,&quot;copyright&quot;:&quot;&quot;,&quot;focal_length&quot;:&quot;0&quot;,&quot;iso&quot;:&quot;0&quot;,&quot;shutter_speed&quot;:&quot;0&quot;,&quot;title&quot;:&quot;&quot;,&quot;orientation&quot;:&quot;1&quot;}\" data-image-title=\"IMG_1375\" data-image-description=\"\" data-image-caption=\"\" data-medium-file=\"https:\/\/i0.wp.com\/sv-bleiwaesche.de\/wp-content\/uploads\/2026\/03\/IMG_1375.jpg?fit=300%2C277&amp;ssl=1\" data-large-file=\"https:\/\/i0.wp.com\/sv-bleiwaesche.de\/wp-content\/uploads\/2026\/03\/IMG_1375.jpg?fit=421%2C389&amp;ssl=1\" src=\"https:\/\/i0.wp.com\/sv-bleiwaesche.de\/wp-content\/uploads\/2026\/03\/IMG_1375.jpg?resize=421%2C389&#038;ssl=1\" alt=\"\" class=\"wp-image-2372 size-full\" srcset=\"https:\/\/i0.wp.com\/sv-bleiwaesche.de\/wp-content\/uploads\/2026\/03\/IMG_1375.jpg?w=421&amp;ssl=1 421w, https:\/\/i0.wp.com\/sv-bleiwaesche.de\/wp-content\/uploads\/2026\/03\/IMG_1375.jpg?resize=300%2C277&amp;ssl=1 300w, https:\/\/i0.wp.com\/sv-bleiwaesche.de\/wp-content\/uploads\/2026\/03\/IMG_1375.jpg?resize=1%2C1&amp;ssl=1 1w\" sizes=\"auto, (max-width: 421px) 100vw, 421px\" \/><\/figure><div class=\"wp-block-media-text__content\">\n<p class=\"has-black-color has-text-color has-link-color wp-elements-273dc1895118a4ab41b297c71c5d4b7a\"><strong>Bronze Abzeichen<\/strong><\/p>\n<\/div><\/div>\n<\/div>\n\n\n\n<div class=\"wp-block-column is-layout-flow wp-block-column-is-layout-flow\">\n<div class=\"wp-block-media-text is-stacked-on-mobile\"><figure class=\"wp-block-media-text__media\"><img data-recalc-dims=\"1\" loading=\"lazy\" decoding=\"async\" width=\"421\" height=\"389\" data-attachment-id=\"2373\" data-permalink=\"https:\/\/sv-bleiwaesche.de\/?attachment_id=2373#main\" data-orig-file=\"https:\/\/i0.wp.com\/sv-bleiwaesche.de\/wp-content\/uploads\/2026\/03\/IMG_1375-2.jpg?fit=421%2C389&amp;ssl=1\" data-orig-size=\"421,389\" data-comments-opened=\"0\" data-image-meta=\"{&quot;aperture&quot;:&quot;0&quot;,&quot;credit&quot;:&quot;&quot;,&quot;camera&quot;:&quot;&quot;,&quot;caption&quot;:&quot;&quot;,&quot;created_timestamp&quot;:&quot;1750188537&quot;,&quot;copyright&quot;:&quot;&quot;,&quot;focal_length&quot;:&quot;0&quot;,&quot;iso&quot;:&quot;0&quot;,&quot;shutter_speed&quot;:&quot;0&quot;,&quot;title&quot;:&quot;&quot;,&quot;orientation&quot;:&quot;1&quot;}\" data-image-title=\"IMG_1375 2\" data-image-description=\"\" data-image-caption=\"\" data-medium-file=\"https:\/\/i0.wp.com\/sv-bleiwaesche.de\/wp-content\/uploads\/2026\/03\/IMG_1375-2.jpg?fit=300%2C277&amp;ssl=1\" data-large-file=\"https:\/\/i0.wp.com\/sv-bleiwaesche.de\/wp-content\/uploads\/2026\/03\/IMG_1375-2.jpg?fit=421%2C389&amp;ssl=1\" src=\"https:\/\/i0.wp.com\/sv-bleiwaesche.de\/wp-content\/uploads\/2026\/03\/IMG_1375-2.jpg?resize=421%2C389&#038;ssl=1\" alt=\"\" class=\"wp-image-2373 size-full\" srcset=\"https:\/\/i0.wp.com\/sv-bleiwaesche.de\/wp-content\/uploads\/2026\/03\/IMG_1375-2.jpg?w=421&amp;ssl=1 421w, https:\/\/i0.wp.com\/sv-bleiwaesche.de\/wp-content\/uploads\/2026\/03\/IMG_1375-2.jpg?resize=300%2C277&amp;ssl=1 300w, https:\/\/i0.wp.com\/sv-bleiwaesche.de\/wp-content\/uploads\/2026\/03\/IMG_1375-2.jpg?resize=1%2C1&amp;ssl=1 1w\" sizes=\"auto, (max-width: 421px) 100vw, 421px\" \/><\/figure><div class=\"wp-block-media-text__content\">\n<p class=\"has-black-color has-text-color has-link-color wp-elements-3122606232602fbf6c41929c72baba9f\"><strong>Silbernes Abzeichen<\/strong><\/p>\n<\/div><\/div>\n<\/div>\n<\/div>\n\n\n\n<div class=\"wp-block-columns is-layout-flex wp-container-core-columns-is-layout-9d6595d7 wp-block-columns-is-layout-flex\">\n<div class=\"wp-block-column is-layout-flow wp-block-column-is-layout-flow\">\n<div class=\"wp-block-media-text is-stacked-on-mobile\"><figure class=\"wp-block-media-text__media\"><img data-recalc-dims=\"1\" loading=\"lazy\" decoding=\"async\" width=\"421\" height=\"389\" data-attachment-id=\"2374\" data-permalink=\"https:\/\/sv-bleiwaesche.de\/?attachment_id=2374#main\" data-orig-file=\"https:\/\/i0.wp.com\/sv-bleiwaesche.de\/wp-content\/uploads\/2026\/03\/IMG_1375-3.jpg?fit=421%2C389&amp;ssl=1\" data-orig-size=\"421,389\" data-comments-opened=\"0\" data-image-meta=\"{&quot;aperture&quot;:&quot;0&quot;,&quot;credit&quot;:&quot;&quot;,&quot;camera&quot;:&quot;&quot;,&quot;caption&quot;:&quot;&quot;,&quot;created_timestamp&quot;:&quot;1750188537&quot;,&quot;copyright&quot;:&quot;&quot;,&quot;focal_length&quot;:&quot;0&quot;,&quot;iso&quot;:&quot;0&quot;,&quot;shutter_speed&quot;:&quot;0&quot;,&quot;title&quot;:&quot;&quot;,&quot;orientation&quot;:&quot;1&quot;}\" data-image-title=\"IMG_1375 3\" data-image-description=\"\" data-image-caption=\"\" data-medium-file=\"https:\/\/i0.wp.com\/sv-bleiwaesche.de\/wp-content\/uploads\/2026\/03\/IMG_1375-3.jpg?fit=300%2C277&amp;ssl=1\" data-large-file=\"https:\/\/i0.wp.com\/sv-bleiwaesche.de\/wp-content\/uploads\/2026\/03\/IMG_1375-3.jpg?fit=421%2C389&amp;ssl=1\" src=\"https:\/\/i0.wp.com\/sv-bleiwaesche.de\/wp-content\/uploads\/2026\/03\/IMG_1375-3.jpg?resize=421%2C389&#038;ssl=1\" alt=\"\" class=\"wp-image-2374 size-full\" srcset=\"https:\/\/i0.wp.com\/sv-bleiwaesche.de\/wp-content\/uploads\/2026\/03\/IMG_1375-3.jpg?w=421&amp;ssl=1 421w, https:\/\/i0.wp.com\/sv-bleiwaesche.de\/wp-content\/uploads\/2026\/03\/IMG_1375-3.jpg?resize=300%2C277&amp;ssl=1 300w, https:\/\/i0.wp.com\/sv-bleiwaesche.de\/wp-content\/uploads\/2026\/03\/IMG_1375-3.jpg?resize=1%2C1&amp;ssl=1 1w\" sizes=\"auto, (max-width: 421px) 100vw, 421px\" \/><\/figure><div class=\"wp-block-media-text__content\">\n<p class=\"has-black-color has-text-color has-link-color wp-elements-32ce349d692b1a6e572333028dc80da0\"><strong>Goldenes Abzeichen<\/strong><\/p>\n<\/div><\/div>\n<\/div>\n\n\n\n<div class=\"wp-block-column is-layout-flow wp-block-column-is-layout-flow\">\n<div class=\"wp-block-media-text is-stacked-on-mobile\"><figure class=\"wp-block-media-text__media\"><\/figure><div class=\"wp-block-media-text__content\">\n<p class=\"has-black-color has-text-color has-link-color wp-elements-81b023f506b3a259087aa46dfa5fbe88\"><strong>Bicolores Abzeichen<\/strong><\/p>\n<\/div><\/div>\n<\/div>\n<\/div>\n\n\n\n<hr class=\"wp-block-separator has-text-color has-vivid-red-color has-alpha-channel-opacity has-vivid-red-background-color has-background\"\/>\n\n\n\n<div class=\"wp-block-columns is-layout-flex wp-container-core-columns-is-layout-9d6595d7 wp-block-columns-is-layout-flex\">\n<div class=\"wp-block-column is-layout-flow wp-block-column-is-layout-flow\">\n<h2 class=\"wp-block-heading has-vivid-red-color has-text-color has-link-color wp-elements-a277a524e505f6a94cd86baf4e48e3e0\"><strong>Familiensportabzeichen<\/strong><\/h2>\n\n\n<\/div>\n<\/div>\n\n\n\n<div class=\"wp-block-columns is-layout-flex wp-container-core-columns-is-layout-9d6595d7 wp-block-columns-is-layout-flex\">\n<div class=\"wp-block-column has-black-color has-text-color has-link-color wp-elements-b639f7b4bec78629d13d6d9cb221e389 is-layout-flow wp-block-column-is-layout-flow\">\n<ul class=\"wp-block-list\">\n<li>Beide Elternteile und ein Kind (unter 18 Jahre)<\/li>\n\n\n\n<li>oder ein Elternteil und zwei Kinder das Sportabzeichen erfolgreich abgelegt haben.<\/li>\n<\/ul>\n<\/div>\n<\/div>\n\n\n\n\n","protected":false},"excerpt":{"rendered":"<p>Das Deutsche Sportabzeichen f\u00fcr Kinder und Jugendliche Das Sportabzeichen f\u00fcr Kinder und Jugendliche wird an Kinder und Jugendliche im Alter von 6-17 Jahren verliehen. Je nach erbrachter Leistung in der f\u00fcr die Absolventin bzw. den Absolventen zutreffenden Altersklasse, wird das Sportabzeichen f\u00fcr Kinder und Jugendliche in Bronze, Silber oder Gold verliehen. Bronze Abzeichen Silbernes Abzeichen [&hellip;]<\/p>\n","protected":false},"author":3,"featured_media":0,"parent":531,"menu_order":6,"comment_status":"closed","ping_status":"closed","template":"","meta":{"jetpack_post_was_ever_published":false,"footnotes":""},"class_list":["post-549","page","type-page","status-publish","hentry"],"jetpack_sharing_enabled":true,"jetpack_shortlink":"https:\/\/wp.me\/P6Q36m-8R","jetpack-related-posts":[],"_links":{"self":[{"href":"https:\/\/sv-bleiwaesche.de\/index.php?rest_route=\/wp\/v2\/pages\/549","targetHints":{"allow":["GET"]}}],"collection":[{"href":"https:\/\/sv-bleiwaesche.de\/index.php?rest_route=\/wp\/v2\/pages"}],"about":[{"href":"https:\/\/sv-bleiwaesche.de\/index.php?rest_route=\/wp\/v2\/types\/page"}],"author":[{"embeddable":true,"href":"https:\/\/sv-bleiwaesche.de\/index.php?rest_route=\/wp\/v2\/users\/3"}],"replies":[{"embeddable":true,"href":"https:\/\/sv-bleiwaesche.de\/index.php?rest_route=%2Fwp%2Fv2%2Fcomments&post=549"}],"version-history":[{"count":7,"href":"https:\/\/sv-bleiwaesche.de\/index.php?rest_route=\/wp\/v2\/pages\/549\/revisions"}],"predecessor-version":[{"id":2379,"href":"https:\/\/sv-bleiwaesche.de\/index.php?rest_route=\/wp\/v2\/pages\/549\/revisions\/2379"}],"up":[{"embeddable":true,"href":"https:\/\/sv-bleiwaesche.de\/index.php?rest_route=\/wp\/v2\/pages\/531"}],"wp:attachment":[{"href":"https:\/\/sv-bleiwaesche.de\/index.php?rest_route=%2Fwp%2Fv2%2Fmedia&parent=549"}],"curies":[{"name":"wp","href":"https:\/\/api.w.org\/{rel}","templated":true}]}}