{"id":531,"date":"2026-03-30T20:12:37","date_gmt":"2026-03-30T18:12:37","guid":{"rendered":"http:\/\/sv-bleiwaesche.de\/?page_id=531"},"modified":"2026-03-30T21:59:39","modified_gmt":"2026-03-30T19:59:39","slug":"das-deutsche-sportabzeichen-allgemeine-informationen","status":"publish","type":"page","link":"https:\/\/sv-bleiwaesche.de\/?page_id=531","title":{"rendered":"Allgemeine Informationen"},"content":{"rendered":"\n<h2 class=\"wp-block-heading has-vivid-red-color has-text-color has-link-color wp-elements-611df1e1feeb3cca42d474f1fbe7e0fa\"><strong>Das deutsche Sportabzeichen<\/strong><\/h2>\n\n\n\n<p class=\"has-black-color has-text-color has-link-color wp-elements-06d691f58e0c62e246ec2189778b71d5\">Das Deutsche Sportabzeichen ist eine Auszeichnung des Deutschen Olympischen Sportbundes (DOSB). Es ist die h\u00f6chste Auszeichnung au\u00dferhalb des Wettkampfsports und wird als Leistungsabzeichen f\u00fcr \u00fcberdurchschnittliche und vielseitige k\u00f6rperliche Leistungsf\u00e4higkeit verliehen. Die zu erbringenden Leistungen orientieren sich an den motorischen Grundf\u00e4higkeiten Ausdauer, Kraft, Schnelligkeit und Koordination. Aus jeder dieser Disziplingruppen muss eine \u00dcbung erfolgreich abgeschlossen werden (Leistungsstufe Bronze). Der Nachweis der Schwimmfertigkeit ist notwendige Voraussetzung f\u00fcr den Erwerb des Deutschen Sportabzeichens.<\/p>\n\n\n\n<p class=\"has-black-color has-text-color has-link-color wp-elements-2af1a02b74b0efd580f3eb49fc6e7169\">Das Deutsche Sportabzeichen kann von M\u00e4nnern und Frauen sowohl in der Bundesrepublik Deutschland als auch im Ausland (siehe unten) erworben werden. Voraussetzung ist das erfolgreiche Absolvieren der geforderten Leistungen.<\/p>\n\n\n\n<p class=\"has-black-color has-text-color has-link-color wp-elements-b4ec9ce3290a1c314d514008168322da\">Das Deutsche Sportabzeichen wird verliehen<\/p>\n\n\n\n<ul class=\"wp-block-list has-black-color has-text-color has-link-color wp-elements-8a90be27373159941f1b150d24003646\">\n<li>als Deutsches Sportabzeichen f\u00fcr Kinder und Jugendliche an Jungen und M\u00e4dchen, ab dem Kalenderjahr, in dem das 6. Lebensjahr erreicht wird<\/li>\n\n\n\n<li>als Deutsches Sportabzeichen an Erwachsene, ab dem Kalenderjahr, in dem das 18. Lebensjahr erreicht wird.<\/li>\n<\/ul>\n\n\n\n<p class=\"has-black-color has-text-color has-link-color wp-elements-571cbcdb5575f685b0b2c2be7b3fed05\">Das Deutsche Sportabzeichen ist ein Ehrenzeichen der Bundesrepublik Deutschland mit Ordenscharakter und wird an M\u00e4nner und Frauen verliehen, die in einem Kalenderjahr (01.01.-31.12.) die Leistungsanforderungen erf\u00fcllt haben. Pro Kalenderjahr kann es einmal erworben und beurkundet werden.<\/p>\n\n\n\n<p class=\"has-black-color has-text-color has-link-color wp-elements-2d5723c9c222e8be61c298f960341294\">Auch Menschen mit Behinderungen k\u00f6nnen das Deutsche Sportabzeichen erwerben. Die Bedingungen f\u00fcr Menschen mit Behinderungen wurden vom Deutschen Behindertensportverband (DBS) im Einvernehmen mit dem DOSB festgelegt und sind im Handbuch \u201eDeutsches Sportabzeichen f\u00fcr Menschen mit Behinderungen\u201c beschrieben.<\/p>\n\n\n\n<p class=\"has-black-color has-text-color has-link-color wp-elements-bedf626919737da5689ce2db458ca7c7\">Die zur Auswahl stehenden Disziplinen und die nach Alter und Geschlecht differenzierten Leistungsanforderungen f\u00fcr das Deutsche Sportabzeichen f\u00fcr Kinder und Jugendliche und das Deutsche Sportabzeichen sind in den jeweiligen Leistungskatalogen geregelt.<\/p>\n\n\n\n<p class=\"has-black-color has-text-color has-link-color wp-elements-e172e78fde808a216843cbabc3051433\">Das Deutsche Sportabzeichen ist ein Leistungsabzeichen und kann auf den Leistungsstufen Bronze, Silber und Gold erworben werden. F\u00fcr den Erwerb empfiehlt sich eine gezielte k\u00f6rperliche Vorbereitung mit qualifiziertem Training, wie es vor allem von Sportvereinen, aber auch von Sportabzeichen-Treffs angeboten wird. Am Training und den Pr\u00fcfungen darf nur teilnehmen, wer gesund ist.<\/p>\n\n\n\n<p>Quelle: <a title=\"Deutsches Sportabzeichen\" href=\"http:\/\/www.deutsches-sportabzeichen.de\/de\/das-sportabzeichen\/sportabzeichen-erwerben\/\" target=\"_blank\" rel=\"noopener noreferrer\">www.deutsches-sportabzeichen.de<\/a><\/p>\n","protected":false},"excerpt":{"rendered":"<p>Das deutsche Sportabzeichen Das Deutsche Sportabzeichen ist eine Auszeichnung des Deutschen Olympischen Sportbundes (DOSB). Es ist die h\u00f6chste Auszeichnung au\u00dferhalb des Wettkampfsports und wird als Leistungsabzeichen f\u00fcr \u00fcberdurchschnittliche und vielseitige k\u00f6rperliche Leistungsf\u00e4higkeit verliehen. Die zu erbringenden Leistungen orientieren sich an den motorischen Grundf\u00e4higkeiten Ausdauer, Kraft, Schnelligkeit und Koordination. Aus jeder dieser Disziplingruppen muss eine \u00dcbung [&hellip;]<\/p>\n","protected":false},"author":10,"featured_media":0,"parent":29,"menu_order":0,"comment_status":"closed","ping_status":"closed","template":"","meta":{"jetpack_post_was_ever_published":false,"footnotes":""},"class_list":["post-531","page","type-page","status-publish","hentry"],"jetpack_sharing_enabled":true,"jetpack_shortlink":"https:\/\/wp.me\/P6Q36m-8z","jetpack-related-posts":[],"_links":{"self":[{"href":"https:\/\/sv-bleiwaesche.de\/index.php?rest_route=\/wp\/v2\/pages\/531","targetHints":{"allow":["GET"]}}],"collection":[{"href":"https:\/\/sv-bleiwaesche.de\/index.php?rest_route=\/wp\/v2\/pages"}],"about":[{"href":"https:\/\/sv-bleiwaesche.de\/index.php?rest_route=\/wp\/v2\/types\/page"}],"author":[{"embeddable":true,"href":"https:\/\/sv-bleiwaesche.de\/index.php?rest_route=\/wp\/v2\/users\/10"}],"replies":[{"embeddable":true,"href":"https:\/\/sv-bleiwaesche.de\/index.php?rest_route=%2Fwp%2Fv2%2Fcomments&post=531"}],"version-history":[{"count":7,"href":"https:\/\/sv-bleiwaesche.de\/index.php?rest_route=\/wp\/v2\/pages\/531\/revisions"}],"predecessor-version":[{"id":2370,"href":"https:\/\/sv-bleiwaesche.de\/index.php?rest_route=\/wp\/v2\/pages\/531\/revisions\/2370"}],"up":[{"embeddable":true,"href":"https:\/\/sv-bleiwaesche.de\/index.php?rest_route=\/wp\/v2\/pages\/29"}],"wp:attachment":[{"href":"https:\/\/sv-bleiwaesche.de\/index.php?rest_route=%2Fwp%2Fv2%2Fmedia&parent=531"}],"curies":[{"name":"wp","href":"https:\/\/api.w.org\/{rel}","templated":true}]}}